{"id":2386,"date":"2022-08-31T11:41:02","date_gmt":"2022-08-31T11:41:02","guid":{"rendered":"https:\/\/foxiz.themeruby.com\/network\/?page_id=2355"},"modified":"2025-12-21T18:11:30","modified_gmt":"2025-12-21T14:11:30","slug":"focus-home","status":"publish","type":"page","link":"https:\/\/ammib.az\/","title":{"rendered":"Focus Home"},"content":{"rendered":"\t\t<div data-elementor-type=\"wp-page\" data-elementor-id=\"2386\" class=\"elementor elementor-2386\" data-elementor-post-type=\"page\">\n\t\t\t\t<div class=\"elementor-element elementor-element-c6c8479 e-flex e-con-boxed e-con e-parent\" data-id=\"c6c8479\" data-element_type=\"container\">\n\t\t\t\t\t<div class=\"e-con-inner\">\n\t\t\t\t<div class=\"elementor-element elementor-element-4ab0552 elementor--h-position-center elementor--v-position-middle elementor-arrows-position-inside elementor-pagination-position-inside elementor-widget elementor-widget-slides\" data-id=\"4ab0552\" data-element_type=\"widget\" data-settings=\"{&quot;navigation&quot;:&quot;both&quot;,&quot;autoplay&quot;:&quot;yes&quot;,&quot;pause_on_hover&quot;:&quot;yes&quot;,&quot;pause_on_interaction&quot;:&quot;yes&quot;,&quot;autoplay_speed&quot;:5000,&quot;infinite&quot;:&quot;yes&quot;,&quot;transition&quot;:&quot;slide&quot;,&quot;transition_speed&quot;:500}\" data-widget_type=\"slides.default\">\n\t\t\t\t<div class=\"elementor-widget-container\">\n\t\t\t\t\t\t\t\t\t<div class=\"elementor-swiper\">\n\t\t\t\t\t<div class=\"elementor-slides-wrapper elementor-main-swiper swiper\" role=\"region\" aria-roledescription=\"carousel\" aria-label=\"Slides\" dir=\"ltr\" data-animation=\"fadeInUp\">\n\t\t\t\t<div class=\"swiper-wrapper elementor-slides\">\n\t\t\t\t\t\t\t\t\t\t<div class=\"elementor-repeater-item-8d3d113 swiper-slide\" role=\"group\" aria-roledescription=\"slide\"><div class=\"swiper-slide-bg\" role=\"img\"><\/div><div class=\"elementor-background-overlay\"><\/div><a class=\"swiper-slide-inner\" href=\"https:\/\/ammib.az\/?p=2997\" target=\"_blank\"><div class=\"swiper-slide-contents\"><div class=\"elementor-slide-heading\">Az\u0259rbaycan Miqren M\u00fct\u0259x\u0259ssisl\u0259ri Ictimai Birliyinin 1-ci \u0130llik Beyn\u0259lxalq Konfrans\u0131 ba\u015f tutdu<\/div><div  class=\"elementor-button elementor-slide-button elementor-size-sm\">DAHA \u018fTRAFLI<\/div><\/div><\/a><\/div>\t\t\t\t<\/div>\n\t\t\t\t\t\t\t<\/div>\n\t\t\t\t<\/div>\n\t\t\t\t\t\t\t\t<\/div>\n\t\t\t\t<\/div>\n\t\t\t\t\t<\/div>\n\t\t\t\t<\/div>\n\t\t<div class=\"elementor-element elementor-element-63027f3 e-flex e-con-boxed e-con e-parent\" data-id=\"63027f3\" data-element_type=\"container\">\n\t\t\t\t\t<div class=\"e-con-inner\">\n\t\t<div class=\"elementor-element elementor-element-1964779 e-con-full e-flex e-con e-child\" data-id=\"1964779\" data-element_type=\"container\">\n\t\t<div class=\"elementor-element elementor-element-5a8643d e-con-full e-flex e-con e-child\" data-id=\"5a8643d\" data-element_type=\"container\">\n\t\t\t\t<div class=\"elementor-element elementor-element-251c585 flipped-no elementor-widget elementor-widget-foxiz-list-flex\" data-id=\"251c585\" data-element_type=\"widget\" data-widget_type=\"foxiz-list-flex.default\">\n\t\t\t\t<div class=\"elementor-widget-container\">\n\t\t\t\t\t<div id=\"uid_251c585\" class=\"block-wrap block-list block-list-flex rb-columns rb-col-1 rb-tcol-1 rb-mcol-1 is-gap-20 hovering-fade bottom-border is-b-border-gray-dash p-vtop ecat-bg-4 meta-s-gray-line\"><div class=\"block-inner\">\t\t<div class=\"p-wrap p-list p-list-2\" data-pid=\"2997\">\r\n\t\t\t<div class=\"list-holder\">\r\n\t\t\t<div class=\"list-feat-holder\">\r\n\t\t\t\t\t\t\t<div class=\"feat-holder\">\t\t<div class=\"p-featured\">\r\n\t\t\t\t\t<a class=\"p-flink\" href=\"https:\/\/ammib.az\/?p=2997\" title=\"Bak\u0131da Beyn\u0259lxalq Miqren v\u0259 Ba\u015f a\u011fr\u0131lar\u0131 Konfrans\u0131 ke\u00e7irildi\">\r\n\t\t\t<img fetchpriority=\"high\" decoding=\"async\" width=\"615\" height=\"410\" src=\"https:\/\/ammib.az\/wp-content\/uploads\/2025\/12\/IMG_8052-615x410.webp\" class=\"featured-img wp-post-image\" alt=\"Img 8052\" loading=\"eager\" \/>\t\t<\/a>\r\n\t\t\t\t<\/div>\r\n\t<\/div>\r\n\t\t\t\t\t<\/div>\r\n\t\t\t<div class=\"p-content\">\r\n\t\t\t\t<div class=\"p-categories p-top\"><a class=\"p-category category-id-1\" href=\"https:\/\/ammib.az\/?cat=1\" rel=\"category\">X\u0259b\u0259r<\/a><\/div><h2 class=\"entry-title\">\t\t<a class=\"p-url\" href=\"https:\/\/ammib.az\/?p=2997\" rel=\"bookmark\">Bak\u0131da Beyn\u0259lxalq Miqren v\u0259 Ba\u015f a\u011fr\u0131lar\u0131 Konfrans\u0131 ke\u00e7irildi<\/a><\/h2><p class=\"entry-summary\">20 dekabr 2025-ci il tarixind\u0259 Bak\u0131 \u015f\u0259h\u0259rind\u0259 Az\u0259rbaycan Miqren M\u00fct\u0259x\u0259ssisl\u0259ri \u0130ctimai Birliyinin (AMM\u0130B) 1-ci \u0130llik Beyn\u0259lxalq Konfrans\u0131 ke\u00e7irilib. \u201cBa\u015f A\u011fr\u0131s\u0131&hellip;<\/p>\r\n\t\t\t\t\t\t<\/div>\r\n\t\t<\/div>\r\n\t\t\t\t<\/div>\r\n\t\t\t<div class=\"p-wrap p-list p-list-2\" data-pid=\"2992\">\r\n\t\t\t<div class=\"list-holder\">\r\n\t\t\t<div class=\"list-feat-holder\">\r\n\t\t\t\t\t\t\t<div class=\"feat-holder\">\t\t<div class=\"p-featured\">\r\n\t\t\t\t\t<a class=\"p-flink\" href=\"https:\/\/ammib.az\/?p=2992\" title=\"S\u0259hiyy\u0259 Nazirliyind\u0259 beyn\u0259lxalq al\u0259md\u0259 y\u00fcks\u0259k n\u00fcfuza malik olan tibb m\u00fct\u0259x\u0259ssisl\u0259ri il\u0259 g\u00f6r\u00fc\u015f ke\u00e7irilib\">\r\n\t\t\t<img decoding=\"async\" width=\"615\" height=\"410\" src=\"https:\/\/ammib.az\/wp-content\/uploads\/2025\/12\/umumi-615x410.jpg\" class=\"featured-img wp-post-image\" alt=\"Umumi\" loading=\"eager\" \/>\t\t<\/a>\r\n\t\t\t\t<\/div>\r\n\t<\/div>\r\n\t\t\t\t\t<\/div>\r\n\t\t\t<div class=\"p-content\">\r\n\t\t\t\t<div class=\"p-categories p-top\"><a class=\"p-category category-id-1\" href=\"https:\/\/ammib.az\/?cat=1\" rel=\"category\">X\u0259b\u0259r<\/a><\/div><h2 class=\"entry-title\">\t\t<a class=\"p-url\" href=\"https:\/\/ammib.az\/?p=2992\" rel=\"bookmark\">S\u0259hiyy\u0259 Nazirliyind\u0259 beyn\u0259lxalq al\u0259md\u0259 y\u00fcks\u0259k n\u00fcfuza malik olan tibb m\u00fct\u0259x\u0259ssisl\u0259ri il\u0259 g\u00f6r\u00fc\u015f ke\u00e7irilib<\/a><\/h2><p class=\"entry-summary\">Az\u0259rbaycan\u0131n S\u0259hiyy\u0259 Nazirliyind\u0259 ba\u015f a\u011fr\u0131lar\u0131 \u00fczr\u0259 beyn\u0259lxalq al\u0259md\u0259 y\u00fcks\u0259k n\u00fcfuza malik olan apar\u0131c\u0131 m\u00fct\u0259x\u0259ssisl\u0259rl\u0259 g\u00f6r\u00fc\u015f ke\u00e7irilib. G\u00f6r\u00fc\u015fd\u0259 Danimarka, Almaniya, Bel\u00e7ika&hellip;<\/p>\r\n\t\t\t\t\t\t<\/div>\r\n\t\t<\/div>\r\n\t\t\t\t<\/div>\r\n\t\t\t<div class=\"p-wrap p-list p-list-2\" data-pid=\"2972\">\r\n\t\t\t<div class=\"list-holder\">\r\n\t\t\t<div class=\"list-feat-holder\">\r\n\t\t\t\t\t\t\t<div class=\"feat-holder\">\t\t<div class=\"p-featured\">\r\n\t\t\t\t\t<a class=\"p-flink\" href=\"https:\/\/ammib.az\/?p=2972\" title=\"Az\u0259rbaycan Miqren M\u00fct\u0259x\u0259ssisl\u0259ri \u0130ctimai Birliyinin 1-ci \u0130llik Beyn\u0259lxalq Konfrans\u0131\">\r\n\t\t\t<img decoding=\"async\" width=\"615\" height=\"410\" src=\"https:\/\/ammib.az\/wp-content\/uploads\/2025\/07\/back-615x410.png\" class=\"featured-img wp-post-image\" alt=\"Back\" loading=\"eager\" \/>\t\t<\/a>\r\n\t\t\t\t<\/div>\r\n\t<\/div>\r\n\t\t\t\t\t<\/div>\r\n\t\t\t<div class=\"p-content\">\r\n\t\t\t\t<div class=\"p-categories p-top\"><a class=\"p-category category-id-1\" href=\"https:\/\/ammib.az\/?cat=1\" rel=\"category\">X\u0259b\u0259r<\/a><\/div><h2 class=\"entry-title\">\t\t<a class=\"p-url\" href=\"https:\/\/ammib.az\/?p=2972\" rel=\"bookmark\">Az\u0259rbaycan Miqren M\u00fct\u0259x\u0259ssisl\u0259ri \u0130ctimai Birliyinin 1-ci \u0130llik Beyn\u0259lxalq Konfrans\u0131<\/a><\/h2><p class=\"entry-summary\">Az\u0259rbaycan Miqren M\u00fct\u0259x\u0259ssisl\u0259ri \u0130ctimai Birliyinin (AMM\u0130B) \u0130dar\u0259 Hey\u0259ti ad\u0131ndan sizi 20 dekabr 2025-ci il tarixind\u0259 Bak\u0131da ke\u00e7iril\u0259c\u0259k birinci beyn\u0259lxalq konfrans\u0131m\u0131za&hellip;<\/p>\r\n\t\t\t\t\t\t<\/div>\r\n\t\t<\/div>\r\n\t\t\t\t<\/div>\r\n\t<\/div><\/div>\t\t\t\t<\/div>\n\t\t\t\t<\/div>\n\t\t\t\t<\/div>\n\t\t<div class=\"elementor-element elementor-element-0b8f09e e-con-full e-flex e-con e-child\" data-id=\"0b8f09e\" data-element_type=\"container\">\n\t\t\t\t<div class=\"elementor-element elementor-element-78f5416 elementor-widget elementor-widget-image\" data-id=\"78f5416\" data-element_type=\"widget\" data-widget_type=\"image.default\">\n\t\t\t\t<div class=\"elementor-widget-container\">\n\t\t\t\t\t\t\t\t\t\t\t\t\t\t\t\t<a href=\"https:\/\/ammib.az\/wp-content\/uploads\/2025\/05\/Miqrenin-diaqnostika-v\u0259-idar\u0259-edilm\u0259sind\u0259-10-addim-ammib.az_.pdf\" target=\"_blank\">\n\t\t\t\t\t\t\t<img loading=\"lazy\" loading=\"lazy\" decoding=\"async\" width=\"1400\" height=\"2100\" src=\"https:\/\/ammib.az\/wp-content\/uploads\/2025\/05\/mediamodifier_image-1.png\" class=\"attachment-full size-full wp-image-2868\" alt=\"Mediamodifier image (1)\" \/>\t\t\t\t\t\t\t\t<\/a>\n\t\t\t\t\t\t\t\t\t\t\t\t\t\t\t<\/div>\n\t\t\t\t<\/div>\n\t\t\t\t<div class=\"elementor-element elementor-element-67867c8 c-align-right elementor-hidden-tablet elementor-hidden-mobile elementor-widget elementor-widget-foxiz-newsletter-3\" data-id=\"67867c8\" data-element_type=\"widget\" data-widget_type=\"foxiz-newsletter-3.default\">\n\t\t\t\t<div class=\"elementor-widget-container\">\n\t\t\t\t\t<div class=\"newsletter-sb newsletter-style is-box-none\"><div class=\"newsletter-sb-inner newsletter-inner\"><div class=\"newsletter-featured\"><img loading=\"lazy\" decoding=\"async\" width=\"166\" height=\"166\" src=\"https:\/\/ammib.az\/wp-content\/uploads\/2024\/11\/newsletter.svg\" class=\"attachment-full size-full\" alt=\"Newsletter\" loading=\"lazy\" data-mode=\"default\" \/><img loading=\"lazy\" decoding=\"async\" width=\"166\" height=\"166\" src=\"https:\/\/ammib.az\/wp-content\/uploads\/2024\/11\/newsletter-li.svg\" class=\"attachment-full size-full\" alt=\"Newsletter li\" loading=\"lazy\" data-mode=\"dark\" \/><\/div><h2 class=\"newsletter-title\">Daim m\u0259lumatl\u0131 ol<\/h2><div class=\"newsletter-description rb-text\">Konfrans v\u0259 g\u00f6r\u00fc\u015fl\u0259rimizl\u0259 ba\u011fl\u0131 m\u0259lumatl\u0131 olmaq \u00fc\u00e7\u00fcn biz\u0259 abun\u0259 ola bil\u0259rsiniz.<\/div><div class=\"newsletter-form\"><script>(function() {\n\twindow.mc4wp = window.mc4wp || {\n\t\tlisteners: [],\n\t\tforms: {\n\t\t\ton: function(evt, cb) {\n\t\t\t\twindow.mc4wp.listeners.push(\n\t\t\t\t\t{\n\t\t\t\t\t\tevent   : evt,\n\t\t\t\t\t\tcallback: cb\n\t\t\t\t\t}\n\t\t\t\t);\n\t\t\t}\n\t\t}\n\t}\n})();\n<\/script><!-- Mailchimp for WordPress v4.10.3 - https:\/\/wordpress.org\/plugins\/mailchimp-for-wp\/ --><form id=\"mc4wp-form-1\" class=\"mc4wp-form mc4wp-form-2217\" method=\"post\" data-id=\"2217\" data-name=\"Form\" ><div class=\"mc4wp-form-fields\"><div>\r\n<input type=\"email\" name=\"EMAIL\" placeholder=\"Elektron po\u00e7tunuz\" required \/>\r\n<input type=\"submit\" value=\"Abun\u0259 ol\" \/>\r\n<\/div>\r\n<div class=\"agree-to-terms\">\r\n  <input name=\"AGREE_TO_TERMS\" aria-label=\"checkbox\" type=\"checkbox\" value=\"1\" required=\"\">\r\n  <label for=\"AGREE_TO_TERMS\">M\u0259n\u0259 elektron m\u0259ktub yollaman\u0131za icaz\u0259 verir\u0259m.<\/label>\r\n<\/div><\/div><label style=\"display: none !important;\">Leave this field empty if you're human: <input type=\"text\" name=\"_mc4wp_honeypot\" value=\"\" tabindex=\"-1\" autocomplete=\"off\" \/><\/label><input type=\"hidden\" name=\"_mc4wp_timestamp\" value=\"1778701677\" \/><input type=\"hidden\" name=\"_mc4wp_form_id\" value=\"2217\" \/><input type=\"hidden\" name=\"_mc4wp_form_element_id\" value=\"mc4wp-form-1\" \/><div class=\"mc4wp-response\"><\/div><\/form><!-- \/ Mailchimp for WordPress Plugin --><\/div><\/div><\/div>\t\t\t\t<\/div>\n\t\t\t\t<\/div>\n\t\t\t\t<\/div>\n\t\t\t\t<\/div>\n\t\t\t\t\t<\/div>\n\t\t\t\t<\/div>\n\t\t<div class=\"elementor-element elementor-element-7deb9ac e-flex e-con-boxed e-con e-parent\" data-id=\"7deb9ac\" data-element_type=\"container\">\n\t\t\t\t\t<div class=\"e-con-inner\">\n\t\t<div class=\"elementor-element elementor-element-b1a653c e-con-full e-flex e-con e-child\" data-id=\"b1a653c\" data-element_type=\"container\">\n\t\t\t\t<div class=\"elementor-element elementor-element-c26011c elementor-widget__width-inherit elementor-widget elementor-widget-heading\" data-id=\"c26011c\" data-element_type=\"widget\" data-widget_type=\"heading.default\">\n\t\t\t\t<div class=\"elementor-widget-container\">\n\t\t\t\t\t<h2 class=\"elementor-heading-title elementor-size-default\"><i class=\"rbi-angle-right rbi\"><\/i> Ke\u00e7idl\u0259r<\/h2>\t\t\t\t<\/div>\n\t\t\t\t<\/div>\n\t\t<div class=\"elementor-element elementor-element-4ae125a e-grid e-con-full e-con e-child\" data-id=\"4ae125a\" data-element_type=\"container\">\n\t\t\t\t<div class=\"elementor-element elementor-element-c6c6420 elementor-widget elementor-widget-image\" data-id=\"c6c6420\" data-element_type=\"widget\" data-widget_type=\"image.default\">\n\t\t\t\t<div class=\"elementor-widget-container\">\n\t\t\t\t\t\t\t\t\t\t\t\t\t\t\t\t<a href=\"https:\/\/www.ehf-headache.org\/\" target=\"_blank\">\n\t\t\t\t\t\t\t<img loading=\"lazy\" loading=\"lazy\" decoding=\"async\" width=\"225\" height=\"150\" src=\"https:\/\/ammib.az\/wp-content\/uploads\/2025\/05\/EHF-European-Headache-Federation.jpg\" class=\"attachment-full size-full wp-image-2906\" alt=\"Ehf european headache federation\" \/>\t\t\t\t\t\t\t\t<\/a>\n\t\t\t\t\t\t\t\t\t\t\t\t\t\t\t<\/div>\n\t\t\t\t<\/div>\n\t\t\t\t<div class=\"elementor-element elementor-element-5b34e09 elementor-widget elementor-widget-image\" data-id=\"5b34e09\" data-element_type=\"widget\" data-widget_type=\"image.default\">\n\t\t\t\t<div class=\"elementor-widget-container\">\n\t\t\t\t\t\t\t\t\t\t\t\t\t\t\t\t<a href=\"https:\/\/ihs-headache.org\/en\/\" target=\"_blank\">\n\t\t\t\t\t\t\t<img loading=\"lazy\" loading=\"lazy\" decoding=\"async\" width=\"454\" height=\"170\" src=\"https:\/\/ammib.az\/wp-content\/uploads\/2025\/05\/IHS-Logo.gif\" class=\"attachment-full size-full wp-image-2944\" alt=\"Ihs logo\" \/>\t\t\t\t\t\t\t\t<\/a>\n\t\t\t\t\t\t\t\t\t\t\t\t\t\t\t<\/div>\n\t\t\t\t<\/div>\n\t\t\t\t<div class=\"elementor-element elementor-element-f92bac3 elementor-widget elementor-widget-image\" data-id=\"f92bac3\" data-element_type=\"widget\" data-widget_type=\"image.default\">\n\t\t\t\t<div class=\"elementor-widget-container\">\n\t\t\t\t\t\t\t\t\t\t\t\t\t\t\t\t<a href=\"https:\/\/globalmigraine-pain.com\/\" target=\"_blank\">\n\t\t\t\t\t\t\t<img loading=\"lazy\" loading=\"lazy\" decoding=\"async\" width=\"195\" height=\"242\" src=\"https:\/\/ammib.az\/wp-content\/uploads\/2025\/04\/Global-Migraine-and-Pain-Society-Logo.png\" class=\"attachment-full size-full wp-image-2792\" alt=\"Global migraine and pain society logo\" \/>\t\t\t\t\t\t\t\t<\/a>\n\t\t\t\t\t\t\t\t\t\t\t\t\t\t\t<\/div>\n\t\t\t\t<\/div>\n\t\t\t\t<\/div>\n\t\t\t\t<\/div>\n\t\t\t\t\t<\/div>\n\t\t\t\t<\/div>\n\t\t\t\t<\/div>\n\t\t","protected":false},"excerpt":{"rendered":"<p>Az\u0259rbaycan Miqren M\u00fct\u0259x\u0259ssisl\u0259ri Ictimai Birliyinin 1-ci \u0130llik Beyn\u0259lxalq Konfrans\u0131 ba\u015f tutduDAHA \u018fTRAFLI edit X\u0259b\u0259r Bak\u0131da Beyn\u0259lxalq Miqren v\u0259 Ba\u015f a\u011fr\u0131lar\u0131 Konfrans\u0131 ke\u00e7irildi 20 dekabr 2025-ci il tarixind\u0259 Bak\u0131 \u015f\u0259h\u0259rind\u0259 Az\u0259rbaycan Miqren M\u00fct\u0259x\u0259ssisl\u0259ri \u0130ctimai Birliyinin (AMM\u0130B) 1-ci \u0130llik Beyn\u0259lxalq Konfrans\u0131 ke\u00e7irilib. \u201cBa\u015f A\u011fr\u0131s\u0131&hellip; edit X\u0259b\u0259r S\u0259hiyy\u0259 Nazirliyind\u0259 beyn\u0259lxalq al\u0259md\u0259 y\u00fcks\u0259k n\u00fcfuza malik olan tibb m\u00fct\u0259x\u0259ssisl\u0259ri il\u0259 [&hellip;]<\/p>\n","protected":false},"author":1,"featured_media":0,"parent":0,"menu_order":0,"comment_status":"closed","ping_status":"closed","template":"","meta":{"slim_seo":{"title":"Az\u0259rbaycan Miqren M\u00fct\u0259x\u0259ssisl\u0259ri \u0130ctimai Birliyinin 1-ci \u0130llik Beyn\u0259lxalq Konfrans\u0131 - Az\u0259rbaycan Miqren M\u00fct\u0259x\u0259ssisl\u0259ri \u0130ctimayi Birliyi","description":"Az\u0259rbaycan Miqren M\u00fct\u0259x\u0259ssisl\u0259ri \u0130ctimai Birliyinin (AMM\u0130B) \u0130dar\u0259 Hey\u0259ti ad\u0131ndan sizi 20 dekabr 2025-ci il tarixind\u0259 Bak\u0131da ke\u00e7iril\u0259c\u0259k birinci beyn\u0259lxalq konfr"},"footnotes":""},"class_list":["post-2386","page","type-page","status-publish"],"_links":{"self":[{"href":"https:\/\/ammib.az\/index.php?rest_route=\/wp\/v2\/pages\/2386","targetHints":{"allow":["GET"]}}],"collection":[{"href":"https:\/\/ammib.az\/index.php?rest_route=\/wp\/v2\/pages"}],"about":[{"href":"https:\/\/ammib.az\/index.php?rest_route=\/wp\/v2\/types\/page"}],"author":[{"embeddable":true,"href":"https:\/\/ammib.az\/index.php?rest_route=\/wp\/v2\/users\/1"}],"replies":[{"embeddable":true,"href":"https:\/\/ammib.az\/index.php?rest_route=%2Fwp%2Fv2%2Fcomments&post=2386"}],"version-history":[{"count":109,"href":"https:\/\/ammib.az\/index.php?rest_route=\/wp\/v2\/pages\/2386\/revisions"}],"predecessor-version":[{"id":3020,"href":"https:\/\/ammib.az\/index.php?rest_route=\/wp\/v2\/pages\/2386\/revisions\/3020"}],"wp:attachment":[{"href":"https:\/\/ammib.az\/index.php?rest_route=%2Fwp%2Fv2%2Fmedia&parent=2386"}],"curies":[{"name":"wp","href":"https:\/\/api.w.org\/{rel}","templated":true}]}}