{"id":2657,"date":"2025-04-19T01:11:21","date_gmt":"2025-04-19T01:11:21","guid":{"rendered":"https:\/\/ammib.az\/?page_id=2657"},"modified":"2025-04-19T01:41:50","modified_gmt":"2025-04-19T01:41:50","slug":"haqqimizda","status":"publish","type":"page","link":"https:\/\/ammib.az\/?page_id=2657","title":{"rendered":"Haqq\u0131m\u0131zda"},"content":{"rendered":"\t\t<div data-elementor-type=\"wp-page\" data-elementor-id=\"2657\" class=\"elementor elementor-2657\" data-elementor-post-type=\"page\">\n\t\t\t\t<div class=\"elementor-element elementor-element-511985b3 e-con-full e-flex e-con e-parent\" data-id=\"511985b3\" data-element_type=\"container\">\n\t\t<div class=\"elementor-element elementor-element-5204e200 e-con-full e-flex e-con e-child\" data-id=\"5204e200\" data-element_type=\"container\">\n\t\t\t\t<div class=\"elementor-element elementor-element-1bac1f72 elementor-widget elementor-widget-text-editor\" data-id=\"1bac1f72\" data-element_type=\"widget\" data-widget_type=\"text-editor.default\">\n\t\t\t\t<div class=\"elementor-widget-container\">\n\t\t\t\t\t\t\t\t\t<p>Az\u0259rbaycan Migren M\u00fct\u0259x\u0259ssisl\u0259ri \u0130ctimai Birliyi (AMM\u0130B)\u00a0\u2014\u00a0migren v\u0259 ba\u015f a\u011fr\u0131s\u0131 sah\u0259sind\u0259 ixtisasla\u015fm\u0131\u015f nevroloqlar, klinik t\u0259dqiqat\u00e7\u0131lar v\u0259 rezident h\u0259kiml\u0259r t\u0259r\u0259find\u0259n 2024-c\u00fc ild\u0259 t\u0259sis edilmi\u015f m\u00fcst\u0259qil, qeyri\u2011kommersiya\u00a0 m\u0259qs\u0259dli pe\u015f\u0259kar t\u0259\u015fkilatd\u0131r. R\u0259smi olaraq d\u00f6vl\u0259t qeydiyyat\u0131ndan ke\u00e7\u0259n AMM\u0130B\u2011in \u0259sas m\u0259qs\u0259di Az\u0259rbaycanda migrenin diaqnostikas\u0131, m\u00fcalic\u0259si v\u0259 profilaktikas\u0131na dair elmi\u2011praktik bilikl\u0259ri sisteml\u0259\u015fdirm\u0259k, yerli klinik t\u0259cr\u00fcb\u0259ni beyn\u0259lxalq standartlarla uy\u011funla\u015fd\u0131rmaq v\u0259 bu sah\u0259d\u0259 \u00e7al\u0131\u015fan m\u00fct\u0259x\u0259ssisl\u0259rin vahid platformada birl\u0259\u015fm\u0259sini t\u0259min etm\u0259kdir. Sayt\u0131m\u0131z\u00a0\u2014\u00a0ammib.az\u00a0\u2014\u00a0bu missiyan\u0131 h\u0259yata ke\u00e7irm\u0259k \u00fc\u00e7\u00fcn informasiya m\u00fcbadil\u0259si, t\u0259dris resurslar\u0131 v\u0259 ictimaiyy\u0259tl\u0259 \u0259laq\u0259 kanal\u0131 rolunu oynay\u0131r.<\/p><p>Birliyin yaranmas\u0131 \u00f6lk\u0259d\u0259 migrenl\u0259 ba\u011fl\u0131 pe\u015f\u0259kar bilik bo\u015fluqlar\u0131n\u0131 aradan qald\u0131rmaq v\u0259 h\u0259r s\u0259viyy\u0259d\u0259n nevroloqlar\u0131n \u015f\u0259b\u0259k\u0259l\u0259\u015fm\u0259sin\u0259 \u015f\u0259rait yaratmaq z\u0259rur\u0259tind\u0259n ir\u0259li g\u0259lmi\u015fdir.\u00a0<\/p><p>AMM\u0130B h\u0259m\u00e7inin ictimai maarifl\u0259ndirm\u0259y\u0259 x\u00fcsusi \u00f6n\u0259m verir. Migren x\u0259st\u0259l\u0259ri, onlar\u0131n ail\u0259l\u0259ri v\u0259 geni\u015f auditoriya \u00fc\u00e7\u00fcn haz\u0131rlanm\u0131\u015f materiallarda x\u0259st\u0259liyin simptomlar\u0131, diaqnostika \u00fcsullar\u0131 v\u0259 m\u00fcalic\u0259 protokollar\u0131 ayd\u0131n, anla\u015f\u0131lan dild\u0259 \u00e7atd\u0131r\u0131lmas\u0131 m\u0259qs\u0259di il\u0259 f\u0259aliyy\u0259t g\u00f6st\u0259ririk. R\u0259q\u0259msal platformam\u0131zda yerl\u0259\u015f\u0259n \u201cResurslar\u201d b\u00f6lm\u0259sind\u0259 elmi m\u0259qal\u0259 x\u00fclas\u0259l\u0259ri, klinik t\u0259limat s\u0259n\u0259dl\u0259ri v\u0259 x\u0259st\u0259l\u0259r\u0259 y\u00f6n\u0259lik praktiki t\u00f6vsiy\u0259l\u0259r t\u0259qdim olunur.<\/p><p>D\u0259y\u0259rl\u0259rimiz \u2014 akademik d\u00fcr\u00fcstl\u00fck, \u015f\u0259ffafl\u0131q, multidissiplinar \u0259m\u0259kda\u015fl\u0131q v\u0259 davaml\u0131 inki\u015faf \u2014 b\u00fct\u00fcn f\u0259aliyy\u0259t istiqam\u0259tl\u0259rimizd\u0259 r\u0259hb\u0259r prinsipdir. AMM\u0130B bu prinsipl\u0259rl\u0259 Az\u0259rbaycanda migren sah\u0259sind\u0259 pe\u015f\u0259kar c\u0259miyy\u0259tin inki\u015faf\u0131na, yeni elmi nailiyy\u0259tl\u0259rin klinik praktikaya \u00e7evrilm\u0259sin\u0259 v\u0259 x\u0259st\u0259l\u0259rin h\u0259yat keyfiyy\u0259tinin y\u00fcks\u0259ldilm\u0259sin\u0259 xidm\u0259t etm\u0259y\u0259 davam edir.<\/p>\t\t\t\t\t\t\t\t<\/div>\n\t\t\t\t<\/div>\n\t\t\t\t<\/div>\n\t\t\t\t<\/div>\n\t\t\t\t<\/div>\n\t\t","protected":false},"excerpt":{"rendered":"<p>Az\u0259rbaycan Migren M\u00fct\u0259x\u0259ssisl\u0259ri \u0130ctimai Birliyi (AMM\u0130B)\u00a0\u2014\u00a0migren v\u0259 ba\u015f a\u011fr\u0131s\u0131 sah\u0259sind\u0259 ixtisasla\u015fm\u0131\u015f nevroloqlar, klinik t\u0259dqiqat\u00e7\u0131lar v\u0259 rezident h\u0259kiml\u0259r t\u0259r\u0259find\u0259n 2024-c\u00fc ild\u0259 t\u0259sis edilmi\u015f m\u00fcst\u0259qil, qeyri\u2011kommersiya\u00a0 m\u0259qs\u0259dli pe\u015f\u0259kar t\u0259\u015fkilatd\u0131r. R\u0259smi olaraq d\u00f6vl\u0259t qeydiyyat\u0131ndan ke\u00e7\u0259n AMM\u0130B\u2011in \u0259sas m\u0259qs\u0259di Az\u0259rbaycanda migrenin diaqnostikas\u0131, m\u00fcalic\u0259si v\u0259 profilaktikas\u0131na dair elmi\u2011praktik bilikl\u0259ri sisteml\u0259\u015fdirm\u0259k, yerli klinik t\u0259cr\u00fcb\u0259ni beyn\u0259lxalq standartlarla uy\u011funla\u015fd\u0131rmaq v\u0259 bu sah\u0259d\u0259 \u00e7al\u0131\u015fan [&hellip;]<\/p>\n","protected":false},"author":1,"featured_media":0,"parent":0,"menu_order":0,"comment_status":"closed","ping_status":"closed","template":"","meta":{"slim_seo":{"title":"Haqq\u0131m\u0131zda - Az\u0259rbaycan Miqren M\u00fct\u0259x\u0259ssisl\u0259ri \u0130ctimayi Birliyi","description":"Az\u0259rbaycan Migren M\u00fct\u0259x\u0259ssisl\u0259ri \u0130ctimai Birliyi (AMM\u0130B)\u00a0\u2014\u00a0migren v\u0259 ba\u015f a\u011fr\u0131s\u0131 sah\u0259sind\u0259 ixtisasla\u015fm\u0131\u015f nevroloqlar, klinik t\u0259dqiqat\u00e7\u0131lar v\u0259 rezident h\u0259kiml\u0259r t"},"footnotes":""},"class_list":["post-2657","page","type-page","status-publish"],"_links":{"self":[{"href":"https:\/\/ammib.az\/index.php?rest_route=\/wp\/v2\/pages\/2657","targetHints":{"allow":["GET"]}}],"collection":[{"href":"https:\/\/ammib.az\/index.php?rest_route=\/wp\/v2\/pages"}],"about":[{"href":"https:\/\/ammib.az\/index.php?rest_route=\/wp\/v2\/types\/page"}],"author":[{"embeddable":true,"href":"https:\/\/ammib.az\/index.php?rest_route=\/wp\/v2\/users\/1"}],"replies":[{"embeddable":true,"href":"https:\/\/ammib.az\/index.php?rest_route=%2Fwp%2Fv2%2Fcomments&post=2657"}],"version-history":[{"count":16,"href":"https:\/\/ammib.az\/index.php?rest_route=\/wp\/v2\/pages\/2657\/revisions"}],"predecessor-version":[{"id":2685,"href":"https:\/\/ammib.az\/index.php?rest_route=\/wp\/v2\/pages\/2657\/revisions\/2685"}],"wp:attachment":[{"href":"https:\/\/ammib.az\/index.php?rest_route=%2Fwp%2Fv2%2Fmedia&parent=2657"}],"curies":[{"name":"wp","href":"https:\/\/api.w.org\/{rel}","templated":true}]}}