{"id":2671,"date":"2025-04-19T01:33:13","date_gmt":"2025-04-19T01:33:13","guid":{"rendered":"https:\/\/ammib.az\/haqqimizda-2\/"},"modified":"2025-04-19T01:42:47","modified_gmt":"2025-04-19T01:42:47","slug":"missiyamiz","status":"publish","type":"page","link":"https:\/\/ammib.az\/?page_id=2671","title":{"rendered":"Missiyam\u0131z"},"content":{"rendered":"\t\t<div data-elementor-type=\"wp-page\" data-elementor-id=\"2671\" class=\"elementor elementor-2671\" data-elementor-post-type=\"page\">\n\t\t\t\t<div class=\"elementor-element elementor-element-511985b3 e-con-full e-flex e-con e-parent\" data-id=\"511985b3\" data-element_type=\"container\">\n\t\t<div class=\"elementor-element elementor-element-5204e200 e-con-full e-flex e-con e-child\" data-id=\"5204e200\" data-element_type=\"container\">\n\t\t\t\t<div class=\"elementor-element elementor-element-1bac1f72 elementor-widget elementor-widget-text-editor\" data-id=\"1bac1f72\" data-element_type=\"widget\" data-widget_type=\"text-editor.default\">\n\t\t\t\t<div class=\"elementor-widget-container\">\n\t\t\t\t\t\t\t\t\t<p>Az\u0259rbaycan Migren M\u00fct\u0259x\u0259ssisl\u0259ri \u0130ctimai Birliyinin (AMM\u0130B) missiyas\u0131 migren v\u0259 ba\u015f a\u011fr\u0131lar\u0131 sah\u0259sind\u0259 m\u00f6vcud elmi bilikl\u0259ri sisteml\u0259\u015fdirm\u0259k, m\u00fct\u0259x\u0259ssis icmas\u0131 \u00fc\u00e7\u00fcn t\u0259dris v\u0259 t\u0259dqiqat imkanlar\u0131 yaratmaq, h\u0259m\u00e7inin ictimaiyy\u0259tin bu x\u0259st\u0259likl\u0259r bar\u0259d\u0259 m\u0259lumatl\u0131l\u0131\u011f\u0131n\u0131 art\u0131rmaqd\u0131r. Bununla yana\u015f\u0131, biz:<\/p><ul><li>Migrenl\u0259 ba\u011fl\u0131 klinik praktikalar\u0131n v\u0259 elmi t\u0259dqiqatlar\u0131n inki\u015faf\u0131n\u0131 d\u0259st\u0259kl\u0259m\u0259k;<\/li><li>Pe\u015f\u0259karlar aras\u0131nda bilik v\u0259 t\u0259cr\u00fcb\u0259 m\u00fcbadil\u0259sini t\u0259\u015fviq etm\u0259k;<\/li><li>X\u0259st\u0259l\u0259r\u0259 v\u0259 onlar\u0131n yax\u0131nlar\u0131na y\u00f6n\u0259lik maarifl\u0259ndirm\u0259 f\u0259aliyy\u0259tl\u0259ri h\u0259yata ke\u00e7irm\u0259k;<\/li><li>Milli v\u0259 beyn\u0259lxalq standartlara uy\u011funluqla \u00f6lk\u0259d\u0259 y\u00fcks\u0259k s\u0259viyy\u0259li nevroloji xidm\u0259tin formala\u015fmas\u0131na t\u00f6hf\u0259 verm\u0259k \u00fc\u00e7\u00fcn \u00e7al\u0131\u015f\u0131r\u0131q.<\/li><\/ul>\t\t\t\t\t\t\t\t<\/div>\n\t\t\t\t<\/div>\n\t\t\t\t<\/div>\n\t\t\t\t<\/div>\n\t\t\t\t<\/div>\n\t\t","protected":false},"excerpt":{"rendered":"<p>Az\u0259rbaycan Migren M\u00fct\u0259x\u0259ssisl\u0259ri \u0130ctimai Birliyinin (AMM\u0130B) missiyas\u0131 migren v\u0259 ba\u015f a\u011fr\u0131lar\u0131 sah\u0259sind\u0259 m\u00f6vcud elmi bilikl\u0259ri sisteml\u0259\u015fdirm\u0259k, m\u00fct\u0259x\u0259ssis icmas\u0131 \u00fc\u00e7\u00fcn t\u0259dris v\u0259 t\u0259dqiqat imkanlar\u0131 yaratmaq, h\u0259m\u00e7inin ictimaiyy\u0259tin bu x\u0259st\u0259likl\u0259r bar\u0259d\u0259 m\u0259lumatl\u0131l\u0131\u011f\u0131n\u0131 art\u0131rmaqd\u0131r. Bununla yana\u015f\u0131, biz: Migrenl\u0259 ba\u011fl\u0131 klinik praktikalar\u0131n v\u0259 elmi t\u0259dqiqatlar\u0131n inki\u015faf\u0131n\u0131 d\u0259st\u0259kl\u0259m\u0259k; Pe\u015f\u0259karlar aras\u0131nda bilik v\u0259 t\u0259cr\u00fcb\u0259 m\u00fcbadil\u0259sini t\u0259\u015fviq etm\u0259k; X\u0259st\u0259l\u0259r\u0259 v\u0259 onlar\u0131n yax\u0131nlar\u0131na [&hellip;]<\/p>\n","protected":false},"author":1,"featured_media":0,"parent":0,"menu_order":0,"comment_status":"closed","ping_status":"closed","template":"","meta":{"slim_seo":{"title":"Missiyam\u0131z - Az\u0259rbaycan Miqren M\u00fct\u0259x\u0259ssisl\u0259ri \u0130ctimayi Birliyi","description":"Az\u0259rbaycan Migren M\u00fct\u0259x\u0259ssisl\u0259ri \u0130ctimai Birliyinin (AMM\u0130B) missiyas\u0131 migren v\u0259 ba\u015f a\u011fr\u0131lar\u0131 sah\u0259sind\u0259 m\u00f6vcud elmi bilikl\u0259ri sisteml\u0259\u015fdirm\u0259k, m\u00fct\u0259x\u0259ssis icmas\u0131"},"footnotes":""},"class_list":["post-2671","page","type-page","status-publish"],"_links":{"self":[{"href":"https:\/\/ammib.az\/index.php?rest_route=\/wp\/v2\/pages\/2671","targetHints":{"allow":["GET"]}}],"collection":[{"href":"https:\/\/ammib.az\/index.php?rest_route=\/wp\/v2\/pages"}],"about":[{"href":"https:\/\/ammib.az\/index.php?rest_route=\/wp\/v2\/types\/page"}],"author":[{"embeddable":true,"href":"https:\/\/ammib.az\/index.php?rest_route=\/wp\/v2\/users\/1"}],"replies":[{"embeddable":true,"href":"https:\/\/ammib.az\/index.php?rest_route=%2Fwp%2Fv2%2Fcomments&post=2671"}],"version-history":[{"count":7,"href":"https:\/\/ammib.az\/index.php?rest_route=\/wp\/v2\/pages\/2671\/revisions"}],"predecessor-version":[{"id":2688,"href":"https:\/\/ammib.az\/index.php?rest_route=\/wp\/v2\/pages\/2671\/revisions\/2688"}],"wp:attachment":[{"href":"https:\/\/ammib.az\/index.php?rest_route=%2Fwp%2Fv2%2Fmedia&parent=2671"}],"curies":[{"name":"wp","href":"https:\/\/api.w.org\/{rel}","templated":true}]}}